{"id":131,"date":"2013-12-13T15:55:24","date_gmt":"2013-12-13T14:55:24","guid":{"rendered":"\/portae\/?page_id=131"},"modified":"2014-01-28T09:31:22","modified_gmt":"2014-01-28T08:31:22","slug":"credits","status":"publish","type":"page","link":"https:\/\/www.savage-spirit.com\/portae\/credits\/","title":{"rendered":"Cr\u00e9dits"},"content":{"rendered":"<h1 style=\"text-align: center;\">Cr\u00e9dits<\/h1>\n<p><a href=\"\/portae\/wp-content\/uploads\/2013\/12\/bandeau_block.png\"><img loading=\"lazy\" decoding=\"async\" class=\"size-full wp-image-97 aligncenter\" alt=\"bandeau_block\" src=\"\/portae\/wp-content\/uploads\/2013\/12\/bandeau_block.png\" width=\"191\" height=\"50\" srcset=\"https:\/\/www.savage-spirit.com\/portae\/wp-content\/uploads\/2013\/12\/bandeau_block.png 191w, https:\/\/www.savage-spirit.com\/portae\/wp-content\/uploads\/2013\/12\/bandeau_block-150x38.png 150w\" sizes=\"auto, (max-width: 191px) 100vw, 191px\" \/><\/a><\/p>\n<div class=\"acc-wrapper\"><\/p>\n<p><div class=\"accordion-title\">\n                <h3><a href=\"#\">Festival\/Salon &amp; leurs Organisateurs:<\/a><\/h3>\n                    <span>+<\/span>\n            <\/div>\n            <div class=\"accordion-container\" style=\"display:none;\"><\/p>\n<ul>\n<li><a href=\"http:\/\/www.cidreetdragon.eu\/Cidre&amp;Dragon-site\/ui\/plan-site.php\" target=\"_blank\">Cidre &amp; Dragon<\/a><\/li>\n<li><a href=\"http:\/\/castlefest.nl\/fr\/\" target=\"_blank\">Castlefest<\/a><\/li>\n<li><a href=\"http:\/\/www.wave-gotik-treffen.de\/\" target=\"_blank\">Wave Gothic Treffen<\/a> (WGT)<\/li>\n<li><a href=\"http:\/\/www.anthinoises.com\/\" target=\"_blank\">Les Antinoises<\/a><\/li>\n<li><a href=\"http:\/\/www.trolls-et-legendes.be\/\" target=\"_blank\">Trolls &amp; L\u00e9gendes<\/a><\/li>\n<li><a href=\"http:\/\/www.salonparapsy.com\/\" target=\"_blank\">Salon de la Voyance<\/a><\/li>\n<li><a href=\"http:\/\/www.salon-zen.fr\/\" target=\"_blank\">Salon Zen<\/a><\/li>\n<li><a href=\"http:\/\/www.forum104.org\/\" target=\"_blank\">Forum 104<\/a><\/li>\n<\/ul>\n<p><\/div><\/p>\n<p><div class=\"accordion-title\">\n                <h3><a href=\"#\">Commerces:<\/a><\/h3>\n                    <span>+<\/span>\n            <\/div>\n            <div class=\"accordion-container\" style=\"display:none;\"><\/p>\n<ul>\n<li><a href=\"http:\/\/www.souffledor.fr\/editions\/index.php\" target=\"_blank\">Le Souffle d&rsquo;Or<\/a><\/li>\n<li><a href=\"http:\/\/www.luniversdesther.com\/\" target=\"_blank\">L&rsquo;univers d&rsquo;Esther<\/a><\/li>\n<li><a href=\"http:\/\/www.revedefemmes.net\/\" target=\"_blank\">R\u00eave de femmes<\/a><\/li>\n<\/ul>\n<p><\/div><\/p>\n<p><div class=\"accordion-title\">\n                <h3><a href=\"#\">Journalistes &amp; Traducteurs B\u00e9n\u00e9voles<\/a><\/h3>\n                    <span>+<\/span>\n            <\/div>\n            <div class=\"accordion-container\" style=\"display:none;\"><\/p>\n<ul>\n<li>\u00a0Corriel<\/li>\n<li>Roxane<\/li>\n<li>Siannan<\/li>\n<li>Babette<\/li>\n<li>Ils\u00e9e<\/li>\n<li>Luccio<\/li>\n<li>Valiel<\/li>\n<li>Celia<\/li>\n<li>Virginie<\/li>\n<li>Emilie (Eloa)<\/li>\n<li>Kooalia<\/li>\n<\/ul>\n<p><\/div><\/p>\n<p><div class=\"accordion-title\">\n                <h3><a href=\"#\">Technologies Audio Visuelles<\/a><\/h3>\n                    <span>+<\/span>\n            <\/div>\n            <div class=\"accordion-container\" style=\"display:none;\"><\/p>\n<ul>\n<li><span style=\"text-decoration: underline;\"><strong>Photographes:<\/strong><\/span><br \/>\n<a href=\"http:\/\/brio-concept.com\/\" target=\"_blank\">Kooalia <\/a>&#8211; <a href=\"http:\/\/savagefolk.weebly.com\/\" target=\"_blank\">Emilie (Eloa)<\/a><\/li>\n<li><span style=\"text-decoration: underline;\"><strong>Retouches Photos:<\/strong><\/span><br \/>\n<a href=\"http:\/\/noshibaha.wix.com\/noshiba\" target=\"_blank\">Noshiba<\/a> &#8211; Kooalia &#8211; Emilie (Eloa)<\/li>\n<li><span style=\"text-decoration: underline;\"><span style=\"text-decoration: underline;\"><strong>Gestion des r\u00e9seaux sociaux:<br \/>\n<\/strong><\/span><\/span>Emilie (Eloa) &#8211; Aelthan<strong><\/strong><span style=\"text-decoration: underline;\"><span style=\"text-decoration: underline;\"><strong><br \/>\n<\/strong><\/span><\/span><\/li>\n<li><span style=\"text-decoration: underline;\"><strong>R\u00e9alisation Vid\u00e9o montages:<\/strong><\/span><br \/>\nDaphn\u00e9 Vichot<\/li>\n<li><a href=\"http:\/\/savagefolk.weebly.com\/\" target=\"_blank\"><span style=\"text-decoration: underline;\"><strong>Infographie &amp; Identit\u00e9 visuelle:<\/strong><\/span><\/a><br \/>\n<a href=\"http:\/\/savagefolk.weebly.com\/\" target=\"_blank\"> Emilie (Eloa)<\/a><\/li>\n<li><a href=\"http:\/\/brio-concept.com\/\" target=\"_blank\"><strong><span style=\"text-decoration: underline;\">D\u00e9veloppeur &amp; Int\u00e9grateur web:<\/span><br \/>\n<\/strong>Kooalia &#8211; Site con\u00e7u &amp; r\u00e9alis\u00e9 par Brio-Concept<\/a><\/li>\n<\/ul>\n<p><\/div><\/div>\n<p style=\"text-align: center;\">\u00a0<a href=\"\/portae\/wp-content\/uploads\/2013\/12\/bandeau_block.png\"><img loading=\"lazy\" decoding=\"async\" class=\" wp-image-97 aligncenter\" alt=\"bandeau_block\" src=\"\/portae\/wp-content\/uploads\/2013\/12\/bandeau_block.png\" width=\"153\" height=\"40\" srcset=\"https:\/\/www.savage-spirit.com\/portae\/wp-content\/uploads\/2013\/12\/bandeau_block.png 191w, https:\/\/www.savage-spirit.com\/portae\/wp-content\/uploads\/2013\/12\/bandeau_block-150x38.png 150w\" sizes=\"auto, (max-width: 153px) 100vw, 153px\" \/><\/a><\/p>\n<h2 style=\"text-align: left;\"><em>Ils ont parl\u00e9 dans nos micros! <\/em>\ud83d\ude09<em><br \/>\n<\/em><\/h2>\n<p>[smoothslider id=&rsquo;5&prime;]<\/p>\n<p><span style=\"color: #ff0000;\"><br \/>\n<\/span><\/p>\n<p>&nbsp;<\/p>\n","protected":false},"excerpt":{"rendered":"<p>Cr\u00e9dits \u00a0 Ils ont parl\u00e9 dans nos micros! \ud83d\ude09 [smoothslider id=&rsquo;5&prime;] &nbsp;<\/p>\n","protected":false},"author":1,"featured_media":0,"parent":0,"menu_order":0,"comment_status":"open","ping_status":"open","template":"","meta":{"footnotes":""},"class_list":["post-131","page","type-page","status-publish","hentry"],"_links":{"self":[{"href":"https:\/\/www.savage-spirit.com\/portae\/wp-json\/wp\/v2\/pages\/131","targetHints":{"allow":["GET"]}}],"collection":[{"href":"https:\/\/www.savage-spirit.com\/portae\/wp-json\/wp\/v2\/pages"}],"about":[{"href":"https:\/\/www.savage-spirit.com\/portae\/wp-json\/wp\/v2\/types\/page"}],"author":[{"embeddable":true,"href":"https:\/\/www.savage-spirit.com\/portae\/wp-json\/wp\/v2\/users\/1"}],"replies":[{"embeddable":true,"href":"https:\/\/www.savage-spirit.com\/portae\/wp-json\/wp\/v2\/comments?post=131"}],"version-history":[{"count":22,"href":"https:\/\/www.savage-spirit.com\/portae\/wp-json\/wp\/v2\/pages\/131\/revisions"}],"predecessor-version":[{"id":566,"href":"https:\/\/www.savage-spirit.com\/portae\/wp-json\/wp\/v2\/pages\/131\/revisions\/566"}],"wp:attachment":[{"href":"https:\/\/www.savage-spirit.com\/portae\/wp-json\/wp\/v2\/media?parent=131"}],"curies":[{"name":"wp","href":"https:\/\/api.w.org\/{rel}","templated":true}]}}